{"id":76,"date":"2015-10-16T20:15:54","date_gmt":"2015-10-16T20:15:54","guid":{"rendered":"http:\/\/medlow.pl\/?page_id=76"},"modified":"2015-10-16T20:15:54","modified_gmt":"2015-10-16T20:15:54","slug":"o-parafii","status":"publish","type":"page","link":"https:\/\/medlow.pl\/index.php\/parafia\/o-parafii\/","title":{"rendered":"O parafii"},"content":{"rendered":"<h2><a href=\"https:\/\/medlow.pl\/wp-content\/uploads\/2015\/10\/img_t.jpg\"><img loading=\"lazy\" decoding=\"async\" class=\"alignleft size-full wp-image-642\" src=\"https:\/\/medlow.pl\/wp-content\/uploads\/2015\/10\/img_t.jpg\" alt=\"img_t\" width=\"160\" height=\"156\"><\/a>O parafii<\/h2>\n<p><strong><a>Dekanat Wroc\u0142aw \u2013 wsch\u00f3d<\/a><\/strong><\/p>\n<p align=\"left\">Rzymskokatolicka parafia pw.<\/p>\n<p class=\"up\">Narodzenia Naj\u015bwi\u0119tszej Maryi Panny<\/p>\n<p align=\"left\">Tur\u00f3w<br \/>\nul. Parafialna 2<br \/>\n55-020&nbsp;\u017b\u00f3rawina<br \/>\ntel: 71\/316-51-68<\/p>\n<p align=\"left\"><a href=\"https:\/\/turow.parafialnastrona.pl\/\">https:\/\/turow.parafialnastrona.pl\/ <\/a><\/p>\n<p align=\"left\"><a href=\"https:\/\/www.facebook.com\/ParafiaNarodzeniaNMPwTurowie\/\">https:\/\/www.facebook.com\/ParafiaNarodzeniaNMPwTurowie\/<\/a><br \/>\n<a href=\"mailto:turow@archidiecezja.wroc.pl\">turow@archidiecezja.wroc.pl<\/a><br \/>\n<span class=\"small\">GPS: N50.99478 E17.06786<\/span><br \/>\n\u00bb<a href=\"http:\/\/mapa.ump.waw.pl\/ump-www\/?zoom=18&amp;lat=50.99478&amp;lon=17.06786&amp;layers=B00000FT&amp;mlat=50.99478&amp;mlon=17.06786\" target=\"blank\" rel=\"noopener noreferrer\">zobacz na mapie UMP<\/a>\u00ab<\/p>\n<p><strong>Godziny Mszy \u015aw. <\/strong><br \/>\nniedziele: <em>8.30, 10.00, 11.30<\/em><br \/>\ndni powszednie: <em>9.00 (so), 17.00 (pn-pt)<\/em><\/p>\n<p>DANE DO WP\u0141AT NA KONTO PARAFII:<\/p>\n<p>Duszpasterstwo Rzymskokatolickiej Parafii<br \/>\np.w. Narodzenia NMP&nbsp;w Turowie<br \/>\nul.Parafialna 2, 55-020 \u017b\u00f3rawina<\/p>\n<p>Bank Sp\u00f3\u0142dzielczy w K\u0105tach Wroc\u0142awskich, O. \u017b\u00f3rawina<br \/>\n84 95741028 2002 0100 8573 0001<\/p>\n<p style=\"text-align: left;\">wi\u0119cej na temat parafii:<\/p>\n<table style=\"height: 581px;\" width=\"473\" cellspacing=\"0\" cellpadding=\"0\" border=\"0\">\n<tbody>\n<tr>\n<td width=\"180\" valign=\"top\" align=\"right\"><strong>Proboszcz<\/strong>:<\/td>\n<td width=\"20\">&nbsp;<\/td>\n<td valign=\"top\">Ks. mgr lic. Henryk R\u00d3J RM wicedziekan \u2013 ust. 2009<\/td>\n<\/tr>\n<tr>\n<td width=\"180\" valign=\"top\" align=\"right\"><strong>Liczba mieszka\u0144c\u00f3w<\/strong>:<\/td>\n<td width=\"20\">&nbsp;<\/td>\n<td valign=\"top\">900<\/td>\n<\/tr>\n<tr>\n<td width=\"180\" valign=\"top\" align=\"right\"><strong>Kaplica mszalna<\/strong>:<\/td>\n<td width=\"20\">&nbsp;<\/td>\n<td valign=\"top\">Okrzeszyce, pw. Wniebowzi\u0119cia NMP<\/td>\n<\/tr>\n<tr>\n<td width=\"180\" valign=\"top\" align=\"right\"><strong>Kaplica cmentarna<\/strong>:<\/td>\n<td width=\"20\">&nbsp;<\/td>\n<td valign=\"top\">Tur\u00f3w<\/td>\n<\/tr>\n<tr>\n<td width=\"180\" valign=\"top\" align=\"right\"><strong>Odpust<\/strong>:<\/td>\n<td width=\"20\">&nbsp;<\/td>\n<td valign=\"top\">8 wrze\u015bnia, 15 sierpnia<\/td>\n<\/tr>\n<tr>\n<td width=\"180\" valign=\"top\" align=\"right\"><strong>Nabo\u017ce\u0144stwo 40-godzinne<\/strong>:<\/td>\n<td width=\"20\">&nbsp;<\/td>\n<td valign=\"top\">przed \u015arod\u0105 Popielcow\u0105<\/td>\n<\/tr>\n<tr>\n<td width=\"180\" valign=\"top\" align=\"right\"><strong>Wieczysta Adoracja<\/strong>:<\/td>\n<td width=\"20\">&nbsp;<\/td>\n<td valign=\"top\">7 grudnia<\/td>\n<\/tr>\n<tr>\n<td width=\"180\" valign=\"top\" align=\"right\"><strong>Miejscowo\u015bci<\/strong>:<\/td>\n<td width=\"20\">&nbsp;<\/td>\n<td valign=\"top\">Bogus\u0142awice (3 km), Bratowice (8 km), M\u0119d\u0142\u00f3w (2 km), Mnichowice (3,5 km), Okrzeszyce (5 km), Ozorzyce (1,5 km), Wojkowice (2 km), Zagr\u00f3dki (7 km)<\/td>\n<\/tr>\n<tr>\n<td width=\"180\" valign=\"top\" align=\"right\"><strong>Cmentarz<\/strong>:<\/td>\n<td width=\"20\">&nbsp;<\/td>\n<td valign=\"top\">Tur\u00f3w (kom.)<\/td>\n<\/tr>\n<tr>\n<td width=\"180\" valign=\"top\" align=\"right\"><strong>Erygowanie Parafii<\/strong>:<\/td>\n<td width=\"20\">&nbsp;<\/td>\n<td valign=\"top\">XIV w.<\/td>\n<\/tr>\n<tr>\n<td width=\"180\" valign=\"top\" align=\"right\"><strong>Ksi\u0119gi metrykalne<\/strong>:<\/td>\n<td width=\"20\">&nbsp;<\/td>\n<td valign=\"top\">od 1945 r.<\/td>\n<\/tr>\n<tr>\n<td width=\"180\" valign=\"top\" align=\"right\"><strong>Wsp\u00f3lnoty i Ruchy<\/strong>:<\/td>\n<td width=\"20\">&nbsp;<\/td>\n<td valign=\"top\">\u017bywy R\u00f3\u017caniec, Schola dzieci\u0119ca, Ministranci<\/td>\n<\/tr>\n<tr>\n<td width=\"180\" valign=\"top\" align=\"right\"><strong>Regon<\/strong>:<\/td>\n<td width=\"20\">&nbsp;<\/td>\n<td valign=\"top\">040080232<\/td>\n<\/tr>\n<\/tbody>\n<\/table>\n<p><a href=\"https:\/\/www.facebook.com\/PZCaritas.Turow\/\">Parafialny Zesp\u00f3\u0142 Caritas<\/a>&nbsp;&#8211; facebook<\/p>\n","protected":false},"excerpt":{"rendered":"<p>O parafii Dekanat Wroc\u0142aw \u2013 wsch\u00f3d Rzymskokatolicka parafia pw. Narodzenia Naj\u015bwi\u0119tszej Maryi Panny Tur\u00f3w ul. Parafialna 2 55-020&nbsp;\u017b\u00f3rawina tel: 71\/316-51-68 https:\/\/turow.parafialnastrona.pl\/ https:\/\/www.facebook.com\/ParafiaNarodzeniaNMPwTurowie\/ turow@archidiecezja.wroc.pl GPS: N50.99478 E17.06786 \u00bbzobacz na mapie UMP\u00ab Godziny Mszy \u015aw. niedziele: 8.30, 10.00, 11.30 dni powszednie: 9.00 (so), 17.00 (pn-pt) DANE DO WP\u0141AT NA KONTO PARAFII: Duszpasterstwo Rzymskokatolickiej Parafii p.w. Narodzenia NMP&nbsp;w&hellip; <br \/> <a class=\"read-more\" href=\"https:\/\/medlow.pl\/index.php\/parafia\/o-parafii\/\">Dowiedz si\u0119 wi\u0119cej<\/a><\/p>\n","protected":false},"author":1,"featured_media":0,"parent":19,"menu_order":0,"comment_status":"closed","ping_status":"closed","template":"","meta":{"_bbp_topic_count":0,"_bbp_reply_count":0,"_bbp_total_topic_count":0,"_bbp_total_reply_count":0,"_bbp_voice_count":0,"_bbp_anonymous_reply_count":0,"_bbp_topic_count_hidden":0,"_bbp_reply_count_hidden":0,"_bbp_forum_subforum_count":0,"ngg_post_thumbnail":0,"footnotes":""},"class_list":["post-76","page","type-page","status-publish","hentry"],"_links":{"self":[{"href":"https:\/\/medlow.pl\/index.php\/wp-json\/wp\/v2\/pages\/76","targetHints":{"allow":["GET"]}}],"collection":[{"href":"https:\/\/medlow.pl\/index.php\/wp-json\/wp\/v2\/pages"}],"about":[{"href":"https:\/\/medlow.pl\/index.php\/wp-json\/wp\/v2\/types\/page"}],"author":[{"embeddable":true,"href":"https:\/\/medlow.pl\/index.php\/wp-json\/wp\/v2\/users\/1"}],"replies":[{"embeddable":true,"href":"https:\/\/medlow.pl\/index.php\/wp-json\/wp\/v2\/comments?post=76"}],"version-history":[{"count":0,"href":"https:\/\/medlow.pl\/index.php\/wp-json\/wp\/v2\/pages\/76\/revisions"}],"up":[{"embeddable":true,"href":"https:\/\/medlow.pl\/index.php\/wp-json\/wp\/v2\/pages\/19"}],"wp:attachment":[{"href":"https:\/\/medlow.pl\/index.php\/wp-json\/wp\/v2\/media?parent=76"}],"curies":[{"name":"wp","href":"https:\/\/api.w.org\/{rel}","templated":true}]}}