{"id":43,"date":"2015-10-16T13:55:06","date_gmt":"2015-10-16T13:55:06","guid":{"rendered":"http:\/\/medlow.pl\/?page_id=43"},"modified":"2015-10-16T13:55:06","modified_gmt":"2015-10-16T13:55:06","slug":"info","status":"publish","type":"page","link":"https:\/\/medlow.pl\/index.php\/o-miejscowosci\/info\/","title":{"rendered":"Informacyjnie"},"content":{"rendered":"<p><strong>M\u0119d\u0142\u00f3w<\/strong> &#8211;&nbsp; wie\u015b w gminie \u017b\u00f3rawina,<br>pow. wroc\u0142awski, woj. dolno\u015bl\u0105skie, Polska.<br>Po\u0142o\u017cenie: 51\u00b000\u203213\u2033N 17\u00b002\u203253\u2033E<\/p>\n<p><strong>Mieszka\u0144cy:<\/strong><\/p>\n<p>2005 &#8211; 66 os\u00f3b<br>2006 &#8211; 82 osoby<br>2007 &#8211; 119 os\u00f3b<br>2008 &#8211; 131 os\u00f3b<br>2009 &#8211; 147 os\u00f3b<br>2010 &#8211; 159 os\u00f3b<br>2011 &#8211; 207 os\u00f3b<br>2012 &#8211; 223 osoby<br>2013 &#8211; 257 os\u00f3b<br>2014 &#8211; 312 os\u00f3b<br>2015 &#8211; 339 os\u00f3b<br>2016 &#8211; 377 os\u00f3b<br>2017 &#8211; 395 os\u00f3b<br>2018 &#8211; 420 os\u00f3b<br>2019 &#8211; 469 os\u00f3b<br>2020 &#8211; 520 os\u00f3b<br>2021 &#8211; 563 os\u00f3b<br>2022 &#8211; 657 os\u00f3b<\/p>\n<p><strong>Historia:<\/strong><br>Miejscowo\u015b\u0107 wymieniona w&nbsp; Liber fundationis episcopatus Vratislaviensis (Ksi\u0119ga uposa\u017ce\u0144 biskupstwa wroc\u0142awskiego) spisana w latach 1295\u20131305, za czas\u00f3w urz\u0119dowania biskupa Henryka z Wierzbna.<\/p>\n<p><strong>Nazwy:<\/strong><br>lat.:&nbsp;&nbsp;&nbsp;&nbsp;&nbsp;&nbsp;&nbsp;&nbsp;&nbsp;&nbsp;&nbsp;&nbsp;&nbsp;&nbsp;&nbsp; &nbsp; Mandlow,<br>hist.:&nbsp;&nbsp;&nbsp;&nbsp;&nbsp;&nbsp;&nbsp;&nbsp;&nbsp;&nbsp; &nbsp; &nbsp; 1245 Mandlovici, 1382 Mandelow<br>niem.:&nbsp;&nbsp;&nbsp;&nbsp;&nbsp;&nbsp;&nbsp;&nbsp;&nbsp;&nbsp;&nbsp; Mandelow, Mandelau do 1945<br>pol.:&nbsp;&nbsp;&nbsp;&nbsp;&nbsp;&nbsp;&nbsp;&nbsp;&nbsp;&nbsp;&nbsp;&nbsp;&nbsp;&nbsp;&nbsp; M\u0119dl\u00f3w do 27.12.2005, obecnie M\u0119d\u0142\u00f3w<\/p>\n<p><strong>Ulice w M\u0119d\u0142owie:<br><\/strong>ul. D\u0142ugopolska, ul. \u017bernicka, ul. Osiedlowa, ul. Akacjowa, ul. D\u0119bowa, ul. Czere\u015bniowa, ul. Wi\u015bniowa, ul. Klonowa, ul. Lipowa, ul. Bzowa, ul. Kamienna, ul. \u017beglarzy, <br>ul. Orzechowa ul. D\u0105br\u00f3wki, ul. Mieszka I, ul. Piast\u00f3w \u015al\u0105skich, ul. Weso\u0142a, <br>ul. Bli\u017aniacza, ul. Jana II Dobrego, ul. W\u0142adys\u0142awa \u0141okietka<\/p>\n<p><strong>So\u0142tys : <br><\/strong>Kacper Kasprzak od 19 lipca 2024<br>Jakub Balcerzak (od kwietnia 2022 )<br>Szymon Stanek (od 01 marca 2019)<br>Karolina Zieli\u0144ska&nbsp; (od 31 lipca 2018)<br>poprzednio:&nbsp; Marian Garbowski (do kwietnia 2018)<\/p>\n<p><strong>Kod pocztowy:<\/strong> 55-020<\/p>\n\n\n<div class=\"wp-block-file\"><a href=\"https:\/\/medlow.pl\/wp-content\/uploads\/2021\/07\/statut-so\u0142ectwa-M\u0119d\u0142ow-kopia.pdf\">Statut So\u0142ectwa M\u0119d\u0142\u00f3w<\/a><a href=\"https:\/\/medlow.pl\/wp-content\/uploads\/2021\/07\/statut-so\u0142ectwa-M\u0119d\u0142ow-kopia.pdf\" class=\"wp-block-file__button\" download>Pobierz<\/a><\/div>\n","protected":false},"excerpt":{"rendered":"<p>M\u0119d\u0142\u00f3w &#8211;&nbsp; wie\u015b w gminie \u017b\u00f3rawina,pow. wroc\u0142awski, woj. dolno\u015bl\u0105skie, Polska.Po\u0142o\u017cenie: 51\u00b000\u203213\u2033N 17\u00b002\u203253\u2033E Mieszka\u0144cy: 2005 &#8211; 66 os\u00f3b2006 &#8211; 82 osoby2007 &#8211; 119 os\u00f3b2008 &#8211; 131 os\u00f3b2009 &#8211; 147 os\u00f3b2010 &#8211; 159 os\u00f3b2011 &#8211; 207 os\u00f3b2012 &#8211; 223 osoby2013 &#8211; 257 os\u00f3b2014 &#8211; 312 os\u00f3b2015 &#8211; 339 os\u00f3b2016 &#8211; 377 os\u00f3b2017 &#8211; 395 os\u00f3b2018 &#8211; 420&hellip; <br \/> <a class=\"read-more\" href=\"https:\/\/medlow.pl\/index.php\/o-miejscowosci\/info\/\">Dowiedz si\u0119 wi\u0119cej<\/a><\/p>\n","protected":false},"author":1,"featured_media":0,"parent":12,"menu_order":0,"comment_status":"closed","ping_status":"closed","template":"","meta":{"_bbp_topic_count":0,"_bbp_reply_count":0,"_bbp_total_topic_count":0,"_bbp_total_reply_count":0,"_bbp_voice_count":0,"_bbp_anonymous_reply_count":0,"_bbp_topic_count_hidden":0,"_bbp_reply_count_hidden":0,"_bbp_forum_subforum_count":0,"ngg_post_thumbnail":0,"footnotes":""},"class_list":["post-43","page","type-page","status-publish","hentry"],"_links":{"self":[{"href":"https:\/\/medlow.pl\/index.php\/wp-json\/wp\/v2\/pages\/43","targetHints":{"allow":["GET"]}}],"collection":[{"href":"https:\/\/medlow.pl\/index.php\/wp-json\/wp\/v2\/pages"}],"about":[{"href":"https:\/\/medlow.pl\/index.php\/wp-json\/wp\/v2\/types\/page"}],"author":[{"embeddable":true,"href":"https:\/\/medlow.pl\/index.php\/wp-json\/wp\/v2\/users\/1"}],"replies":[{"embeddable":true,"href":"https:\/\/medlow.pl\/index.php\/wp-json\/wp\/v2\/comments?post=43"}],"version-history":[{"count":0,"href":"https:\/\/medlow.pl\/index.php\/wp-json\/wp\/v2\/pages\/43\/revisions"}],"up":[{"embeddable":true,"href":"https:\/\/medlow.pl\/index.php\/wp-json\/wp\/v2\/pages\/12"}],"wp:attachment":[{"href":"https:\/\/medlow.pl\/index.php\/wp-json\/wp\/v2\/media?parent=43"}],"curies":[{"name":"wp","href":"https:\/\/api.w.org\/{rel}","templated":true}]}}