{"id":2115,"date":"2019-11-21T20:40:55","date_gmt":"2019-11-21T20:40:55","guid":{"rendered":"http:\/\/medlow.pl\/?page_id=2115"},"modified":"2024-11-10T12:32:50","modified_gmt":"2024-11-10T12:32:50","slug":"historia-medlowa","status":"publish","type":"page","link":"https:\/\/medlow.pl\/index.php\/historia-medlowa\/","title":{"rendered":"M\u0119d\u0142\u00f3w na dawnej poczt\u00f3wce"},"content":{"rendered":"\n<figure class=\"wp-block-image\"><img decoding=\"async\" src=\"https:\/\/medlow.pl\/wp-content\/uploads\/2019\/09\/3.jpg\" alt=\"\" class=\"wp-image-2045\"\/><figcaption>Gospoda na ulicy D\u0142ugopolskiej 27-29. Gospoda by\u0142a zarz\u0105dzana przez Fritza Kerbera<\/figcaption><\/figure>\n\n\n\n<figure class=\"wp-block-image\"><img decoding=\"async\" src=\"https:\/\/medlow.pl\/wp-content\/uploads\/2019\/09\/2.jpg\" alt=\"\" class=\"wp-image-2044\"\/><figcaption> <em>Gospoda na ulicy D\u0142ugopolskiej 27-29. Gospoda by\u0142a zarz\u0105dzana przez Fritza Kerbera<\/em> <\/figcaption><\/figure>\n\n\n\n<figure class=\"wp-block-image\"><img decoding=\"async\" src=\"https:\/\/medlow.pl\/wp-content\/uploads\/2019\/11\/Dom_nr_27_29_d_gospoda_ul_Dlugopolska_Medlow_304146.jpg\" alt=\"\" class=\"wp-image-2124\"\/><figcaption>Gospoda Fritza Kerbera dzisiaj<\/figcaption><\/figure>\n","protected":false},"excerpt":{"rendered":"","protected":false},"author":1,"featured_media":0,"parent":0,"menu_order":0,"comment_status":"closed","ping_status":"closed","template":"","meta":{"_bbp_topic_count":0,"_bbp_reply_count":0,"_bbp_total_topic_count":0,"_bbp_total_reply_count":0,"_bbp_voice_count":0,"_bbp_anonymous_reply_count":0,"_bbp_topic_count_hidden":0,"_bbp_reply_count_hidden":0,"_bbp_forum_subforum_count":0,"ngg_post_thumbnail":0,"footnotes":""},"class_list":["post-2115","page","type-page","status-publish","hentry"],"_links":{"self":[{"href":"https:\/\/medlow.pl\/index.php\/wp-json\/wp\/v2\/pages\/2115","targetHints":{"allow":["GET"]}}],"collection":[{"href":"https:\/\/medlow.pl\/index.php\/wp-json\/wp\/v2\/pages"}],"about":[{"href":"https:\/\/medlow.pl\/index.php\/wp-json\/wp\/v2\/types\/page"}],"author":[{"embeddable":true,"href":"https:\/\/medlow.pl\/index.php\/wp-json\/wp\/v2\/users\/1"}],"replies":[{"embeddable":true,"href":"https:\/\/medlow.pl\/index.php\/wp-json\/wp\/v2\/comments?post=2115"}],"version-history":[{"count":2,"href":"https:\/\/medlow.pl\/index.php\/wp-json\/wp\/v2\/pages\/2115\/revisions"}],"predecessor-version":[{"id":7402,"href":"https:\/\/medlow.pl\/index.php\/wp-json\/wp\/v2\/pages\/2115\/revisions\/7402"}],"wp:attachment":[{"href":"https:\/\/medlow.pl\/index.php\/wp-json\/wp\/v2\/media?parent=2115"}],"curies":[{"name":"wp","href":"https:\/\/api.w.org\/{rel}","templated":true}]}}